{"id":2020,"date":"2020-10-28T09:52:07","date_gmt":"2020-10-28T12:52:07","guid":{"rendered":"https:\/\/geekplusrobotics.borealtech.com\/software\/"},"modified":"2020-12-30T18:32:29","modified_gmt":"2020-12-30T21:32:29","slug":"software","status":"publish","type":"page","link":"https:\/\/geekplusrobotics.borealtech.com\/en\/software\/","title":{"rendered":"Software"},"content":{"rendered":"<section class=\"wpb-content-wrapper\"><p>[vc_section full_width=&#8221;stretch_row&#8221; css=&#8221;.vc_custom_1603886307417{background-image: url(https:\/\/geekplusrobotics.borealtech.com\/wp-content\/uploads\/2020\/10\/software-banner_bg.jpg?id=1354) !important;background-position: center !important;background-repeat: no-repeat !important;background-size: cover !important;}&#8221; el_class=&#8221;gpr-series-banner&#8221;][vc_row][vc_column][vc_column_text el_class=&#8221;gpr-technology-banner&#8221;]<\/p>\n<h1>Software<\/h1>\n<h4>Profesional \u2022 Completo \u2022 F\u00e1cil de usar<\/h4>\n<p>Un sistema de software profesional profundamente adaptado a la industria con cobertura total de sistemas\u00a0diversificados\u00a0.\u00a0Estos s\u00f3lidos sistemas facilitan su uso e integraci\u00f3n por parte de los clientes.[\/vc_column_text][\/vc_column][\/vc_row][\/vc_section][vc_section][vc_row][vc_column][vc_column_text el_class=&#8221;gpr-tech-rich-text text-center&#8221;]<\/p>\n<h3>El software profesional permite operaciones comerciales altamente eficientes<\/h3>\n<p>Geek + ofrece a los clientes un sistema de software profesional profundamente adaptado a la industria con una cobertura completa de Sistema de gesti\u00f3n de robots, Sistema de ejecuci\u00f3n de almac\u00e9n inteligente, Sistema de gesti\u00f3n de almac\u00e9n inteligente, Plataforma de datos, plataforma de simulaci\u00f3n, biblioteca de algoritmos y plataforma de interfaz altamente modular y flexible API y SDK. Estos s\u00f3lidos sistemas facilitan su uso e integraci\u00f3n por parte de los clientes.[\/vc_column_text][\/vc_column][\/vc_row][\/vc_section][vc_section full_width=&#8221;stretch_row&#8221; css=&#8221;.vc_custom_1603887124806{background-color: #f7fafc !important;}&#8221;][vc_row][vc_column][vc_column_text el_class=&#8221;gpr-tech-rich-text&#8221;]<\/p>\n<h2>Arquitectura de software<\/h2>\n<p>[\/vc_column_text][vc_single_image image=&#8221;1362&#8243; img_size=&#8221;full&#8221; alignment=&#8221;center&#8221;][\/vc_column][\/vc_row][\/vc_section][vc_section][vc_row][vc_column offset=&#8221;vc_col-lg-6 vc_col-md-6 vc_col-xs-12&#8243;][vc_column_text el_class=&#8221;gpr-tech-rich-text&#8221;]<\/p>\n<h2>Sistema de gesti\u00f3n de robots (RMS)<\/h2>\n<p>Geek + Robot Management System (RMS) es un sistema de plataforma de gesti\u00f3n de tareas y programaci\u00f3n de m\u00faltiples agentes.\u00a0Es compatible con la implementaci\u00f3n local y en la nube, al mismo tiempo que se beneficia de la planificaci\u00f3n de rutas, la gesti\u00f3n del tr\u00e1fico, la asignaci\u00f3n de tareas, la optimizaci\u00f3n de la capacidad, las paradas de emergencia de seguridad y otras tareas del cl\u00faster de robots m\u00f3viles a gran escala, en tiempo real con alta concurrencia y confiabilidad.\u00a0Geek + RMS proporciona API y SDK con est\u00e1ndares abiertos, lo que facilita a los clientes el desarrollo e implementaci\u00f3n de sistemas comerciales.<\/p>\n<h4>Puntos fuertes<\/h4>\n<ul>\n<li>Programaci\u00f3n a gran escala: programe miles de robots que trabajan simult\u00e1neamente, realizando tareas de manera eficiente y precisa<\/li>\n<li>Planificaci\u00f3n de rutas de cl\u00faster: proporcione optimizaci\u00f3n de rutas en tiempo real, gesti\u00f3n de la congesti\u00f3n del tr\u00e1fico y otros mecanismos de procesamiento para garantizar una alta eficiencia en las rutas de los sistemas de m\u00faltiples robots<\/li>\n<li>Programaci\u00f3n mixta: admite robots con varios tipos de navegaci\u00f3n para que se ejecuten como una combinaci\u00f3n en el mismo mapa con la colaboraci\u00f3n de varios modelos<\/li>\n<li>Gesti\u00f3n inteligente del \u00e1rea de almac\u00e9n: configure de manera flexible para administrar en m\u00faltiples dimensiones, como \u00e1rea y piso, de acuerdo con los requisitos operativos<\/li>\n<\/ul>\n<p>[\/vc_column_text][\/vc_column][vc_column offset=&#8221;vc_col-lg-6 vc_col-md-6 vc_col-xs-12&#8243;][vc_single_image image=&#8221;1368&#8243; img_size=&#8221;full&#8221; css=&#8221;.vc_custom_1603887888865{margin-top: 20px !important;}&#8221;][\/vc_column][\/vc_row][\/vc_section][vc_section full_width=&#8221;stretch_row&#8221; css=&#8221;.vc_custom_1603888069450{background-image: url(https:\/\/geekplusrobotics.borealtech.com\/wp-content\/uploads\/2020\/10\/software_bg_01.jpg?id=1373) !important;background-position: center !important;background-repeat: no-repeat !important;background-size: cover !important;}&#8221;][vc_row el_class=&#8221;d-flex&#8221;][vc_column offset=&#8221;vc_col-lg-6 vc_col-md-6 vc_col-xs-12&#8243;][vc_column_text el_class=&#8221;gpr-tech-rich-text text-white&#8221;]<\/p>\n<h2>Sistema de ejecuci\u00f3n de almac\u00e9n inteligente (WES)<\/h2>\n<p>Geek + Intelligent Warehouse Execution System (WES) cubre todos los enlaces operativos de almacenes y f\u00e1bricas, incluidos cuatro subsistemas: sistema de picking, sistema ARK moving, sistema de sorting y sistema de forklift.<\/p>\n<p>El sistema de picking admite el goods-to-people picking, y bin-to-people picking, adecuado para muchas industrias. Tiene configuraciones flexibles, capaz de recibir las tareas de picking del iWMS del cliente, optimizar y combinar los art\u00edculos y realizar de manera eficiente.\u00a0El flexible sistema de mudanzas ARK se ocupa de m\u00faltiples escenarios de mudanzas, como carga y descarga de mercanc\u00edas, almacenamiento en el muelle y alimentaci\u00f3n de la l\u00ednea de producci\u00f3n en f\u00e1brica, etc.<\/p>\n<p>El sistema de sorting puede ajustar din\u00e1micamente la ruta, mejorar la eficiencia de clasificaci\u00f3n, adecuado para la clasificaci\u00f3n de paquetes, clasificaci\u00f3n de distribuci\u00f3n de tiendas y clasificaci\u00f3n entre almacenes. El sistema de forklift \u00a0se aplica al almacenamiento de pallet completo y al almacenamiento de alto nivel del almac\u00e9n, y realiza la carga y descarga de mercanc\u00edas de pallet completo en combinaci\u00f3n con el AGV.<\/p>\n<p>Cada m\u00f3dulo tiene la flexibilidad de combinar procesos para formar una variedad de sistemas compuestos.\u00a0Al mismo tiempo, el sistema se integra en el sistema de control de proceso del equipo MFC y el sistema de control del socio para formar un sistema de ejecuci\u00f3n inteligente completo.<\/p>\n<h4>Puntos fuertes<\/h4>\n<ul>\n<li>Rica experiencia en la industria y altamente adaptable<\/li>\n<li>Montaje flexible de m\u00f3dulos con cooperaci\u00f3n ecol\u00f3gica abierta<\/li>\n<li>Flexible para configurar procesos y estrategias<\/li>\n<li>Admite la implementaci\u00f3n local y en la nube<\/li>\n<li>Amplia gama de escenarios operativos<\/li>\n<\/ul>\n<p>[\/vc_column_text][\/vc_column][vc_column offset=&#8221;vc_col-lg-6 vc_col-md-6 vc_col-xs-12&#8243; el_class=&#8221;right-content&#8221;][vc_single_image image=&#8221;1376&#8243; img_size=&#8221;full&#8221; alignment=&#8221;center&#8221; css=&#8221;.vc_custom_1603890515076{margin-top: 20px !important;}&#8221;][\/vc_column][\/vc_row][\/vc_section][vc_section][vc_row][vc_column offset=&#8221;vc_col-lg-6 vc_col-md-6 vc_col-xs-12&#8243;][vc_column_text el_class=&#8221;gpr-tech-rich-text&#8221;]<\/p>\n<h2>Sistema inteligente de gesti\u00f3n de almacenes (iWMS)<\/h2>\n<p>Basado en el Geek + Robot Management System y el Geek + Intelligent Warehouse Execution System, Geek + Intelligent Warehouse Management System (iWMS) integra de manera efectiva todos los v\u00ednculos de la operaci\u00f3n del almac\u00e9n con la selecci\u00f3n, clasificaci\u00f3n, almacenamiento cruzado, manipulaci\u00f3n, acceso y gesti\u00f3n manual de robots, proporcionando una soluci\u00f3n completa para operaciones de almacenamiento y ayuda a satisfacer la alta demanda del mercado de velocidad y flexibilidad.<\/p>\n<p>Geek + iWMS ha sido probado por varias grandes ventas de comercio electr\u00f3nico, como las ventas del D\u00eda del Soltero en China, y ha demostrado la capacidad de procesar pedidos 30 veces la cantidad procesada en un d\u00eda promedio. Durante las ventas del D\u00eda del Soltero en 2019, el sistema proces\u00f3 la entrega de 8,11 millones de pedidos.<\/p>\n<h4>Puntos fuertes<\/h4>\n<ul>\n<li>Altamente integrado, altamente modular, flexible y escalable<\/li>\n<li>Informes personalizados para respaldar las decisiones comerciales<\/li>\n<li>Ricas estrategias para lidiar con diferentes formatos comerciales<\/li>\n<li>Admite la implementaci\u00f3n local y en la nube<\/li>\n<\/ul>\n<p>[\/vc_column_text][\/vc_column][vc_column offset=&#8221;vc_col-lg-6 vc_col-md-6 vc_col-xs-12&#8243;][vc_single_image image=&#8221;1382&#8243; img_size=&#8221;full&#8221; alignment=&#8221;center&#8221; css=&#8221;.vc_custom_1603890522781{margin-top: 20px !important;}&#8221;][\/vc_column][\/vc_row][\/vc_section][vc_section full_width=&#8221;stretch_row&#8221; css=&#8221;.vc_custom_1603889031514{background-color: #ebf8ff !important;}&#8221;][vc_row rtl_reverse=&#8221;yes&#8221; el_class=&#8221;d-flex&#8221;][vc_column offset=&#8221;vc_col-lg-6 vc_col-md-6 vc_col-xs-12&#8243;][vc_column_text el_class=&#8221;gpr-tech-rich-text&#8221;]<\/p>\n<h2>Plataforma de datos (DP)<\/h2>\n<p>Geek + Data Platform (DP) proporciona soporte de datos para soluciones rob\u00f3ticas altamente eficientes.\u00a0Almacena los datos masivos generados por RMS, WES, iWMS y por el propio robot en el lago de datos despu\u00e9s del c\u00e1lculo por la plataforma de procesamiento de flujo de datos en tiempo real.\u00a0El lago de datos proporciona soporte de datos para informes visuales, simulaci\u00f3n, an\u00e1lisis de inteligencia empresarial (BI), aprendizaje autom\u00e1tico y mantenimiento de robots inteligentes.<\/p>\n<h4>Puntos fuertes<\/h4>\n<ul>\n<li>Fuerte capacidad de procesamiento de datos en tiempo real para procesar grandes vol\u00famenes de datos con alta concurrencia y bajo retraso. Proporciona indicadores de datos en tiempo real para respaldar la toma de decisiones y permite la alerta temprana de cualquier falla del robot u otras funciones esenciales.<\/li>\n<li>Paneles de control personalizados para proporcionar informaci\u00f3n empresarial<\/li>\n<\/ul>\n<p>[\/vc_column_text][\/vc_column][vc_column offset=&#8221;vc_col-lg-6 vc_col-md-6 vc_col-xs-12&#8243; el_class=&#8221;right-content&#8221;][vc_single_image image=&#8221;1394&#8243; img_size=&#8221;full&#8221; alignment=&#8221;center&#8221; css=&#8221;.vc_custom_1603890533757{margin-top: 20px !important;}&#8221;][\/vc_column][\/vc_row][\/vc_section][vc_section][vc_row content_placement=&#8221;middle&#8221;][vc_column offset=&#8221;vc_col-lg-6 vc_col-md-6 vc_col-xs-12&#8243;][vc_column_text el_class=&#8221;gpr-tech-rich-text&#8221;]<\/p>\n<h2>Plataforma de simulaci\u00f3n<\/h2>\n<p>Geek + Simulation Platform (SP) es una simulaci\u00f3n 1: 1 de sistemas de robots reales dise\u00f1ada para ayudar a encontrar el mejor plan y configuraci\u00f3n antes de que comience un proyecto, validar la efectividad del plan y el algoritmo, y un mayor apoyo en la evaluaci\u00f3n y gesti\u00f3n del proyecto, eventualmente creando ROI.<\/p>\n<p>Geek + SP integra las herramientas de planificaci\u00f3n, las herramientas de edici\u00f3n de mapas, las herramientas de simulaci\u00f3n, los modelos de robot y otros m\u00f3dulos.\u00a0Luego, Geek + SP digitaliza todos los atributos de los escenarios de almacenamiento y producci\u00f3n e integra la biblioteca de algoritmos.<\/p>\n<h4>Puntos fuertes<\/h4>\n<ul>\n<li>Habilite la gesti\u00f3n inteligente de operaciones y la mejora continua de la eficiencia mediante el hermanamiento digital de datos en escenarios reales<\/li>\n<li>Los resultados de la simulaci\u00f3n pueden respaldar las decisiones del mejor dise\u00f1o de almac\u00e9n, un n\u00famero razonable de robots y la estrategia \u00f3ptima de cumplimiento de pedidos.<\/li>\n<li>Al simular y validar el algoritmo, Geek + obtiene la soluci\u00f3n \u00f3ptima y la proporciona a los clientes.<\/li>\n<\/ul>\n<p>[\/vc_column_text][\/vc_column][vc_column offset=&#8221;vc_col-lg-6 vc_col-md-6 vc_col-xs-12&#8243;][vc_single_image image=&#8221;1399&#8243; img_size=&#8221;full&#8221; css=&#8221;.vc_custom_1603890186502{margin-top: 20px !important;}&#8221;][\/vc_column][\/vc_row][\/vc_section]<\/p>\n<\/section>","protected":false},"excerpt":{"rendered":"<p>[vc_section full_width=&#8221;stretch_row&#8221; css=&#8221;.vc_custom_1603886307417{background-image: url(https:\/\/geekplusrobotics.borealtech.com\/wp-content\/uploads\/2020\/10\/software-banner_bg.jpg?id=1354) !important;background-position: center !important;background-repeat: no-repeat !important;background-size: cover !important;}&#8221; el_class=&#8221;gpr-series-banner&#8221;][vc_row][vc_column][vc_column_text el_class=&#8221;gpr-technology-banner&#8221;] Software Profesional \u2022 Completo \u2022 F\u00e1cil de usar Un sistema de software profesional profundamente adaptado a la industria con cobertura total de sistemas\u00a0diversificados\u00a0.\u00a0Estos s\u00f3lidos sistemas facilitan su uso e integraci\u00f3n por parte de los clientes.[\/vc_column_text][\/vc_column][\/vc_row][\/vc_section][vc_section][vc_row][vc_column][vc_column_text el_class=&#8221;gpr-tech-rich-text text-center&#8221;] El software profesional permite operaciones [&hellip;]<\/p>\n","protected":false},"author":6,"featured_media":0,"parent":0,"menu_order":0,"comment_status":"closed","ping_status":"closed","template":"","meta":[],"yoast_head":"<!-- This site is optimized with the Yoast SEO plugin v19.11 - https:\/\/yoast.com\/wordpress\/plugins\/seo\/ -->\n<title>Software &mdash; Geek+ Robotics<\/title>\n<meta name=\"robots\" content=\"index, follow, max-snippet:-1, max-image-preview:large, max-video-preview:-1\" \/>\n<link rel=\"canonical\" href=\"https:\/\/geekplusrobotics.borealtech.com\/en\/software\/\" \/>\n<meta property=\"og:locale\" content=\"en_US\" \/>\n<meta property=\"og:type\" content=\"article\" \/>\n<meta property=\"og:title\" content=\"Software &mdash; Geek+ Robotics\" \/>\n<meta property=\"og:description\" content=\"[vc_section full_width=&#8221;stretch_row&#8221; css=&#8221;.vc_custom_1603886307417{background-image: url(https:\/\/geekplusrobotics.borealtech.com\/wp-content\/uploads\/2020\/10\/software-banner_bg.jpg?id=1354) !important;background-position: center !important;background-repeat: no-repeat !important;background-size: cover !important;}&#8221; el_class=&#8221;gpr-series-banner&#8221;][vc_row][vc_column][vc_column_text el_class=&#8221;gpr-technology-banner&#8221;] Software Profesional \u2022 Completo \u2022 F\u00e1cil de usar Un sistema de software profesional profundamente adaptado a la industria con cobertura total de sistemas\u00a0diversificados\u00a0.\u00a0Estos s\u00f3lidos sistemas facilitan su uso e integraci\u00f3n por parte de los clientes.[\/vc_column_text][\/vc_column][\/vc_row][\/vc_section][vc_section][vc_row][vc_column][vc_column_text el_class=&#8221;gpr-tech-rich-text text-center&#8221;] El software profesional permite operaciones [&hellip;]\" \/>\n<meta property=\"og:url\" content=\"https:\/\/geekplusrobotics.borealtech.com\/en\/software\/\" \/>\n<meta property=\"og:site_name\" content=\"Geek+ Robotics\" \/>\n<meta property=\"article:modified_time\" content=\"2020-12-30T21:32:29+00:00\" \/>\n<meta name=\"twitter:card\" content=\"summary_large_image\" \/>\n<meta name=\"twitter:label1\" content=\"Est. reading time\" \/>\n\t<meta name=\"twitter:data1\" content=\"8 minutes\" \/>\n<script type=\"application\/ld+json\" class=\"yoast-schema-graph\">{\"@context\":\"https:\/\/schema.org\",\"@graph\":[{\"@type\":\"WebPage\",\"@id\":\"https:\/\/geekplusrobotics.borealtech.com\/en\/software\/\",\"url\":\"https:\/\/geekplusrobotics.borealtech.com\/en\/software\/\",\"name\":\"Software &mdash; Geek+ Robotics\",\"isPartOf\":{\"@id\":\"https:\/\/geekplusrobotics.borealtech.com\/en\/#website\"},\"datePublished\":\"2020-10-28T12:52:07+00:00\",\"dateModified\":\"2020-12-30T21:32:29+00:00\",\"breadcrumb\":{\"@id\":\"https:\/\/geekplusrobotics.borealtech.com\/en\/software\/#breadcrumb\"},\"inLanguage\":\"en-US\",\"potentialAction\":[{\"@type\":\"ReadAction\",\"target\":[\"https:\/\/geekplusrobotics.borealtech.com\/en\/software\/\"]}]},{\"@type\":\"BreadcrumbList\",\"@id\":\"https:\/\/geekplusrobotics.borealtech.com\/en\/software\/#breadcrumb\",\"itemListElement\":[{\"@type\":\"ListItem\",\"position\":1,\"name\":\"Portada\",\"item\":\"https:\/\/geekplusrobotics.borealtech.com\/en\/\"},{\"@type\":\"ListItem\",\"position\":2,\"name\":\"Software\"}]},{\"@type\":\"WebSite\",\"@id\":\"https:\/\/geekplusrobotics.borealtech.com\/en\/#website\",\"url\":\"https:\/\/geekplusrobotics.borealtech.com\/en\/\",\"name\":\"Geek+ Robotics\",\"description\":\"Borealtech\",\"publisher\":{\"@id\":\"https:\/\/geekplusrobotics.borealtech.com\/en\/#organization\"},\"potentialAction\":[{\"@type\":\"SearchAction\",\"target\":{\"@type\":\"EntryPoint\",\"urlTemplate\":\"https:\/\/geekplusrobotics.borealtech.com\/en\/?s={search_term_string}\"},\"query-input\":\"required name=search_term_string\"}],\"inLanguage\":\"en-US\"},{\"@type\":\"Organization\",\"@id\":\"https:\/\/geekplusrobotics.borealtech.com\/en\/#organization\",\"name\":\"BorealTech\",\"url\":\"https:\/\/geekplusrobotics.borealtech.com\/en\/\",\"logo\":{\"@type\":\"ImageObject\",\"inLanguage\":\"en-US\",\"@id\":\"https:\/\/geekplusrobotics.borealtech.com\/en\/#\/schema\/logo\/image\/\",\"url\":\"https:\/\/geekplusrobotics.borealtech.com\/wp-content\/uploads\/2019\/12\/fav-icon-boreal.png\",\"contentUrl\":\"https:\/\/geekplusrobotics.borealtech.com\/wp-content\/uploads\/2019\/12\/fav-icon-boreal.png\",\"width\":179,\"height\":168,\"caption\":\"BorealTech\"},\"image\":{\"@id\":\"https:\/\/geekplusrobotics.borealtech.com\/en\/#\/schema\/logo\/image\/\"}}]}<\/script>\n<!-- \/ Yoast SEO plugin. -->","yoast_head_json":{"title":"Software &mdash; Geek+ Robotics","robots":{"index":"index","follow":"follow","max-snippet":"max-snippet:-1","max-image-preview":"max-image-preview:large","max-video-preview":"max-video-preview:-1"},"canonical":"https:\/\/geekplusrobotics.borealtech.com\/en\/software\/","og_locale":"en_US","og_type":"article","og_title":"Software &mdash; Geek+ Robotics","og_description":"[vc_section full_width=&#8221;stretch_row&#8221; css=&#8221;.vc_custom_1603886307417{background-image: url(https:\/\/geekplusrobotics.borealtech.com\/wp-content\/uploads\/2020\/10\/software-banner_bg.jpg?id=1354) !important;background-position: center !important;background-repeat: no-repeat !important;background-size: cover !important;}&#8221; el_class=&#8221;gpr-series-banner&#8221;][vc_row][vc_column][vc_column_text el_class=&#8221;gpr-technology-banner&#8221;] Software Profesional \u2022 Completo \u2022 F\u00e1cil de usar Un sistema de software profesional profundamente adaptado a la industria con cobertura total de sistemas\u00a0diversificados\u00a0.\u00a0Estos s\u00f3lidos sistemas facilitan su uso e integraci\u00f3n por parte de los clientes.[\/vc_column_text][\/vc_column][\/vc_row][\/vc_section][vc_section][vc_row][vc_column][vc_column_text el_class=&#8221;gpr-tech-rich-text text-center&#8221;] El software profesional permite operaciones [&hellip;]","og_url":"https:\/\/geekplusrobotics.borealtech.com\/en\/software\/","og_site_name":"Geek+ Robotics","article_modified_time":"2020-12-30T21:32:29+00:00","twitter_card":"summary_large_image","twitter_misc":{"Est. reading time":"8 minutes"},"schema":{"@context":"https:\/\/schema.org","@graph":[{"@type":"WebPage","@id":"https:\/\/geekplusrobotics.borealtech.com\/en\/software\/","url":"https:\/\/geekplusrobotics.borealtech.com\/en\/software\/","name":"Software &mdash; Geek+ Robotics","isPartOf":{"@id":"https:\/\/geekplusrobotics.borealtech.com\/en\/#website"},"datePublished":"2020-10-28T12:52:07+00:00","dateModified":"2020-12-30T21:32:29+00:00","breadcrumb":{"@id":"https:\/\/geekplusrobotics.borealtech.com\/en\/software\/#breadcrumb"},"inLanguage":"en-US","potentialAction":[{"@type":"ReadAction","target":["https:\/\/geekplusrobotics.borealtech.com\/en\/software\/"]}]},{"@type":"BreadcrumbList","@id":"https:\/\/geekplusrobotics.borealtech.com\/en\/software\/#breadcrumb","itemListElement":[{"@type":"ListItem","position":1,"name":"Portada","item":"https:\/\/geekplusrobotics.borealtech.com\/en\/"},{"@type":"ListItem","position":2,"name":"Software"}]},{"@type":"WebSite","@id":"https:\/\/geekplusrobotics.borealtech.com\/en\/#website","url":"https:\/\/geekplusrobotics.borealtech.com\/en\/","name":"Geek+ Robotics","description":"Borealtech","publisher":{"@id":"https:\/\/geekplusrobotics.borealtech.com\/en\/#organization"},"potentialAction":[{"@type":"SearchAction","target":{"@type":"EntryPoint","urlTemplate":"https:\/\/geekplusrobotics.borealtech.com\/en\/?s={search_term_string}"},"query-input":"required name=search_term_string"}],"inLanguage":"en-US"},{"@type":"Organization","@id":"https:\/\/geekplusrobotics.borealtech.com\/en\/#organization","name":"BorealTech","url":"https:\/\/geekplusrobotics.borealtech.com\/en\/","logo":{"@type":"ImageObject","inLanguage":"en-US","@id":"https:\/\/geekplusrobotics.borealtech.com\/en\/#\/schema\/logo\/image\/","url":"https:\/\/geekplusrobotics.borealtech.com\/wp-content\/uploads\/2019\/12\/fav-icon-boreal.png","contentUrl":"https:\/\/geekplusrobotics.borealtech.com\/wp-content\/uploads\/2019\/12\/fav-icon-boreal.png","width":179,"height":168,"caption":"BorealTech"},"image":{"@id":"https:\/\/geekplusrobotics.borealtech.com\/en\/#\/schema\/logo\/image\/"}}]}},"_links":{"self":[{"href":"https:\/\/geekplusrobotics.borealtech.com\/en\/wp-json\/wp\/v2\/pages\/2020"}],"collection":[{"href":"https:\/\/geekplusrobotics.borealtech.com\/en\/wp-json\/wp\/v2\/pages"}],"about":[{"href":"https:\/\/geekplusrobotics.borealtech.com\/en\/wp-json\/wp\/v2\/types\/page"}],"author":[{"embeddable":true,"href":"https:\/\/geekplusrobotics.borealtech.com\/en\/wp-json\/wp\/v2\/users\/6"}],"replies":[{"embeddable":true,"href":"https:\/\/geekplusrobotics.borealtech.com\/en\/wp-json\/wp\/v2\/comments?post=2020"}],"version-history":[{"count":3,"href":"https:\/\/geekplusrobotics.borealtech.com\/en\/wp-json\/wp\/v2\/pages\/2020\/revisions"}],"predecessor-version":[{"id":2638,"href":"https:\/\/geekplusrobotics.borealtech.com\/en\/wp-json\/wp\/v2\/pages\/2020\/revisions\/2638"}],"wp:attachment":[{"href":"https:\/\/geekplusrobotics.borealtech.com\/en\/wp-json\/wp\/v2\/media?parent=2020"}],"curies":[{"name":"wp","href":"https:\/\/api.w.org\/{rel}","templated":true}]}}